{"id":6,"date":"2020-09-01T15:53:48","date_gmt":"2020-09-01T13:53:48","guid":{"rendered":"https:\/\/henzihof.wordpress.com\/?page_id=6"},"modified":"2025-11-11T16:07:02","modified_gmt":"2025-11-11T15:07:02","slug":"home","status":"publish","type":"page","link":"https:\/\/henzihof.ch\/","title":{"rendered":""},"content":{"rendered":"\n<h3 class=\"wp-block-heading has-text-align-center\">Aktuelles und Events<\/h3>\n\n\n\n<h2 class=\"wp-block-heading has-text-align-center\">Der Henzihof wir geschlossen &#8211; Zwischennutzung bleibt<\/h2>\n\n\n\n<p class=\"has-text-align-center\">Der Henzihof wird aus Sicherheitsgr\u00fcnden per sofort geschlossen, dies hat die Gemeinderatskommission am 23. Oktober entschieden. Die Stadt hat eine statische Untersuchung in Auftrag gegeben, um zu \u00fcberpr\u00fcfen, wie sich der Zustand seit 2018 ver\u00e4ndert hat. Die Untersuchung hat ergeben, dass die bauliche Sicherheit aktuell nicht mehr gew\u00e4hrleistet ist. Aus Sicherheitsgr\u00fcnden wird die Liegenschaft des Henzihofs per sofort geschlossen. <strong>Die Zwischennutzung wird sich angepasst auf die neuen Gegebenheiten in Zukunft nur noch auf den Aussenraum des Henzihofs beschr\u00e4nken. <\/strong><\/p>\n\n\n\n\n\n<h3 class=\"wp-block-heading has-text-align-center\">Folgen SIE UNS!<\/h3>\n\n\n\n<ul class=\"wp-block-social-links aligncenter is-style-default is-layout-flex wp-block-social-links-is-layout-flex\"><li class=\"wp-social-link wp-social-link-facebook  wp-block-social-link\"><a rel=\"noopener nofollow\" target=\"_blank\" href=\"https:\/\/www.facebook.com\/henzihof\/\" class=\"wp-block-social-link-anchor\"><svg width=\"24\" height=\"24\" viewBox=\"0 0 24 24\" version=\"1.1\" xmlns=\"http:\/\/www.w3.org\/2000\/svg\" aria-hidden=\"true\" focusable=\"false\"><path d=\"M12 2C6.5 2 2 6.5 2 12c0 5 3.7 9.1 8.4 9.9v-7H7.9V12h2.5V9.8c0-2.5 1.5-3.9 3.8-3.9 1.1 0 2.2.2 2.2.2v2.5h-1.3c-1.2 0-1.6.8-1.6 1.6V12h2.8l-.4 2.9h-2.3v7C18.3 21.1 22 17 22 12c0-5.5-4.5-10-10-10z\"><\/path><\/svg><span class=\"wp-block-social-link-label screen-reader-text\">Facebook<\/span><\/a><\/li>\n\n<li class=\"wp-social-link wp-social-link-instagram  wp-block-social-link\"><a rel=\"noopener nofollow\" target=\"_blank\" href=\"https:\/\/www.instagram.com\/henzihof\/\" class=\"wp-block-social-link-anchor\"><svg width=\"24\" height=\"24\" viewBox=\"0 0 24 24\" version=\"1.1\" xmlns=\"http:\/\/www.w3.org\/2000\/svg\" aria-hidden=\"true\" focusable=\"false\"><path d=\"M12,4.622c2.403,0,2.688,0.009,3.637,0.052c0.877,0.04,1.354,0.187,1.671,0.31c0.42,0.163,0.72,0.358,1.035,0.673 c0.315,0.315,0.51,0.615,0.673,1.035c0.123,0.317,0.27,0.794,0.31,1.671c0.043,0.949,0.052,1.234,0.052,3.637 s-0.009,2.688-0.052,3.637c-0.04,0.877-0.187,1.354-0.31,1.671c-0.163,0.42-0.358,0.72-0.673,1.035 c-0.315,0.315-0.615,0.51-1.035,0.673c-0.317,0.123-0.794,0.27-1.671,0.31c-0.949,0.043-1.233,0.052-3.637,0.052 s-2.688-0.009-3.637-0.052c-0.877-0.04-1.354-0.187-1.671-0.31c-0.42-0.163-0.72-0.358-1.035-0.673 c-0.315-0.315-0.51-0.615-0.673-1.035c-0.123-0.317-0.27-0.794-0.31-1.671C4.631,14.688,4.622,14.403,4.622,12 s0.009-2.688,0.052-3.637c0.04-0.877,0.187-1.354,0.31-1.671c0.163-0.42,0.358-0.72,0.673-1.035 c0.315-0.315,0.615-0.51,1.035-0.673c0.317-0.123,0.794-0.27,1.671-0.31C9.312,4.631,9.597,4.622,12,4.622 M12,3 C9.556,3,9.249,3.01,8.289,3.054C7.331,3.098,6.677,3.25,6.105,3.472C5.513,3.702,5.011,4.01,4.511,4.511 c-0.5,0.5-0.808,1.002-1.038,1.594C3.25,6.677,3.098,7.331,3.054,8.289C3.01,9.249,3,9.556,3,12c0,2.444,0.01,2.751,0.054,3.711 c0.044,0.958,0.196,1.612,0.418,2.185c0.23,0.592,0.538,1.094,1.038,1.594c0.5,0.5,1.002,0.808,1.594,1.038 c0.572,0.222,1.227,0.375,2.185,0.418C9.249,20.99,9.556,21,12,21s2.751-0.01,3.711-0.054c0.958-0.044,1.612-0.196,2.185-0.418 c0.592-0.23,1.094-0.538,1.594-1.038c0.5-0.5,0.808-1.002,1.038-1.594c0.222-0.572,0.375-1.227,0.418-2.185 C20.99,14.751,21,14.444,21,12s-0.01-2.751-0.054-3.711c-0.044-0.958-0.196-1.612-0.418-2.185c-0.23-0.592-0.538-1.094-1.038-1.594 c-0.5-0.5-1.002-0.808-1.594-1.038c-0.572-0.222-1.227-0.375-2.185-0.418C14.751,3.01,14.444,3,12,3L12,3z M12,7.378 c-2.552,0-4.622,2.069-4.622,4.622S9.448,16.622,12,16.622s4.622-2.069,4.622-4.622S14.552,7.378,12,7.378z M12,15 c-1.657,0-3-1.343-3-3s1.343-3,3-3s3,1.343,3,3S13.657,15,12,15z M16.804,6.116c-0.596,0-1.08,0.484-1.08,1.08 s0.484,1.08,1.08,1.08c0.596,0,1.08-0.484,1.08-1.08S17.401,6.116,16.804,6.116z\"><\/path><\/svg><span class=\"wp-block-social-link-label screen-reader-text\">Instagram<\/span><\/a><\/li><\/ul>\n\n\n\n<div class=\"wp-block-group alignfull has-white-color has-text-color has-background\" style=\"background-color:#e6007e\"><div class=\"wp-block-group__inner-container is-layout-flow wp-block-group-is-layout-flow\">\n<div style=\"height:50px\" aria-hidden=\"true\" class=\"wp-block-spacer\"><\/div>\n\n\n\n<h3 class=\"wp-block-heading has-text-align-center has-white-color has-text-color\">Areal Weitblick Solothurn<\/h3>\n\n\n\n<div class=\"wp-block-jetpack-layout-grid alignfull column1-desktop-grid__span-6 column1-desktop-grid__start-4 column1-desktop-grid__row-1 column1-tablet-grid__span-6 column1-tablet-grid__start-2 column1-tablet-grid__row-1 column1-mobile-grid__span-4 column1-mobile-grid__row-1 wp-block-jetpack-layout-gutter__small\">\n<div class=\"wp-block-jetpack-layout-grid-column wp-block-jetpack-layout-grid__padding-none\">\n<p class=\"has-text-align-center has-white-color has-text-color\">Die Stadt Solothurn hat die Areale Obach, Mutten, Ober- und Unterhof gekauft und zum Entwicklungsgebiet Weitblick zusammengefasst. Das gibt ihr die einmalige Chance, ein grosses Gebiet langfristig, \u00f6kologisch sinnvoll und nach den Bed\u00fcrfnissen der Stadt zu planen und zu realisieren. So werden neue, zentrumsnahe Wohnquartiere geschaffen, die mit dem erwarteten Bev\u00f6lkerungswachstum n\u00f6tig werden und das Stadtzentrum vom Verdichtungsdruck entlasten.<br>Die gut erschlossenen Gewerbefl\u00e4chen bieten der Wirtschaft wertvolle Entwicklungschancen und verschaffen der Stadt im \u00fcberregionalen Standortwettbewerb wichtige Vorteile. Die geplante Nutzung des Gebiets Weitblick ist auf die Bed\u00fcrfnisse der Stadt und der Bev\u00f6lkerung abgestimmt. So sollen bedarfsgerechte Wohnungen f\u00fcr Familien, Singles und Junge sowie fortschrittliche Wohnformen f\u00fcrs Alter die Anforderungen unterschiedlicher Generationen erf\u00fcllen. Zudem bieten gut erschlossene Gewerbefl\u00e4chen Raum f\u00fcr neue Arbeitspl\u00e4tze auf Stadtgebiet.<br>Als Orte der Begegnung, zum Flanieren und Geniessen sind attraktive Naherholungsgebiete vorgesehen. Pl\u00e4tze f\u00fcr sportliche Aktivit\u00e4ten und Freizeitanlagen erweitern das Angebot der Stadt Solothurn.<\/p>\n\n\n\n<p class=\"has-text-align-center has-white-color has-text-color\">Weitere Informationen zum Weitblick finden Sie unter:<br><a rel=\"noreferrer noopener\" href=\"https:\/\/weitblick-solothurn.ch\" target=\"_blank\">Weitblick Solothurn<\/a><\/p>\n<\/div>\n<\/div>\n\n\n\n<div class=\"wp-block-group alignfull has-white-background-color has-background\"><div class=\"wp-block-group__inner-container is-layout-flow wp-block-group-is-layout-flow\">\n<div class=\"wp-block-jetpack-tiled-gallery alignfull is-style-square\"><div class=\"tiled-gallery__gallery\"><div class=\"tiled-gallery__row columns-4\"><div class=\"tiled-gallery__col\"><figure class=\"tiled-gallery__item\"><img decoding=\"async\" srcset=\"https:\/\/i0.wp.com\/henzihof.ch\/wp-content\/uploads\/2020\/11\/3-scaled.jpg?resize=600%2C600&#038;strip=info&#038;ssl=1 600w,https:\/\/i0.wp.com\/henzihof.ch\/wp-content\/uploads\/2020\/11\/3-scaled.jpg?resize=900%2C900&#038;strip=info&#038;ssl=1 900w,https:\/\/i0.wp.com\/henzihof.ch\/wp-content\/uploads\/2020\/11\/3-scaled.jpg?resize=1200%2C1200&#038;strip=info&#038;ssl=1 1200w,https:\/\/i0.wp.com\/henzihof.ch\/wp-content\/uploads\/2020\/11\/3-scaled.jpg?resize=1500%2C1500&#038;strip=info&#038;ssl=1 1500w,https:\/\/i0.wp.com\/henzihof.ch\/wp-content\/uploads\/2020\/11\/3-scaled.jpg?resize=1800%2C1800&#038;strip=info&#038;ssl=1 1800w,https:\/\/i0.wp.com\/henzihof.ch\/wp-content\/uploads\/2020\/11\/3-scaled.jpg?resize=1920%2C1920&#038;strip=info&#038;ssl=1 1920w\" alt=\"\" data-height=\"2560\" data-id=\"538\" data-link=\"https:\/\/henzihof.ch\/3\/\" data-url=\"https:\/\/henzihof.ch\/wp-content\/uploads\/2020\/11\/3-scaled.jpg\" data-width=\"1920\" src=\"https:\/\/i0.wp.com\/henzihof.ch\/wp-content\/uploads\/2020\/11\/3-scaled.jpg?ssl=1&amp;resize=1920%2C1920\" layout=\"responsive\"\/><\/figure><\/div><div class=\"tiled-gallery__col\"><figure class=\"tiled-gallery__item\"><img decoding=\"async\" srcset=\"https:\/\/i1.wp.com\/henzihof.ch\/wp-content\/uploads\/2020\/11\/4-scaled.jpg?resize=600%2C600&#038;strip=info&#038;ssl=1 600w,https:\/\/i1.wp.com\/henzihof.ch\/wp-content\/uploads\/2020\/11\/4-scaled.jpg?resize=900%2C900&#038;strip=info&#038;ssl=1 900w,https:\/\/i1.wp.com\/henzihof.ch\/wp-content\/uploads\/2020\/11\/4-scaled.jpg?resize=1200%2C1200&#038;strip=info&#038;ssl=1 1200w,https:\/\/i1.wp.com\/henzihof.ch\/wp-content\/uploads\/2020\/11\/4-scaled.jpg?resize=1500%2C1500&#038;strip=info&#038;ssl=1 1500w,https:\/\/i1.wp.com\/henzihof.ch\/wp-content\/uploads\/2020\/11\/4-scaled.jpg?resize=1800%2C1800&#038;strip=info&#038;ssl=1 1800w,https:\/\/i1.wp.com\/henzihof.ch\/wp-content\/uploads\/2020\/11\/4-scaled.jpg?resize=1920%2C1920&#038;strip=info&#038;ssl=1 1920w\" alt=\"\" data-height=\"2560\" data-id=\"539\" data-link=\"https:\/\/henzihof.ch\/4\/\" data-url=\"https:\/\/henzihof.ch\/wp-content\/uploads\/2020\/11\/4-scaled.jpg\" data-width=\"1920\" src=\"https:\/\/i1.wp.com\/henzihof.ch\/wp-content\/uploads\/2020\/11\/4-scaled.jpg?ssl=1&amp;resize=1920%2C1920\" layout=\"responsive\"\/><\/figure><\/div><div class=\"tiled-gallery__col\"><figure class=\"tiled-gallery__item\"><img decoding=\"async\" srcset=\"https:\/\/i0.wp.com\/henzihof.ch\/wp-content\/uploads\/2020\/11\/1-scaled.jpg?resize=600%2C600&#038;strip=info&#038;ssl=1 600w,https:\/\/i0.wp.com\/henzihof.ch\/wp-content\/uploads\/2020\/11\/1-scaled.jpg?resize=900%2C900&#038;strip=info&#038;ssl=1 900w,https:\/\/i0.wp.com\/henzihof.ch\/wp-content\/uploads\/2020\/11\/1-scaled.jpg?resize=1200%2C1200&#038;strip=info&#038;ssl=1 1200w,https:\/\/i0.wp.com\/henzihof.ch\/wp-content\/uploads\/2020\/11\/1-scaled.jpg?resize=1500%2C1500&#038;strip=info&#038;ssl=1 1500w,https:\/\/i0.wp.com\/henzihof.ch\/wp-content\/uploads\/2020\/11\/1-scaled.jpg?resize=1800%2C1800&#038;strip=info&#038;ssl=1 1800w,https:\/\/i0.wp.com\/henzihof.ch\/wp-content\/uploads\/2020\/11\/1-scaled.jpg?resize=1920%2C1920&#038;strip=info&#038;ssl=1 1920w\" alt=\"\" data-height=\"2560\" data-id=\"532\" data-link=\"https:\/\/henzihof.ch\/1\/\" data-url=\"https:\/\/henzihof.ch\/wp-content\/uploads\/2020\/11\/1-scaled.jpg\" data-width=\"1920\" src=\"https:\/\/i0.wp.com\/henzihof.ch\/wp-content\/uploads\/2020\/11\/1-scaled.jpg?ssl=1&amp;resize=1920%2C1920\" layout=\"responsive\"\/><\/figure><\/div><div class=\"tiled-gallery__col\"><figure class=\"tiled-gallery__item\"><img decoding=\"async\" srcset=\"https:\/\/i2.wp.com\/henzihof.ch\/wp-content\/uploads\/2020\/11\/2-scaled.jpg?resize=600%2C600&#038;strip=info&#038;ssl=1 600w,https:\/\/i2.wp.com\/henzihof.ch\/wp-content\/uploads\/2020\/11\/2-scaled.jpg?resize=900%2C900&#038;strip=info&#038;ssl=1 900w,https:\/\/i2.wp.com\/henzihof.ch\/wp-content\/uploads\/2020\/11\/2-scaled.jpg?resize=1200%2C1200&#038;strip=info&#038;ssl=1 1200w,https:\/\/i2.wp.com\/henzihof.ch\/wp-content\/uploads\/2020\/11\/2-scaled.jpg?resize=1500%2C1500&#038;strip=info&#038;ssl=1 1500w,https:\/\/i2.wp.com\/henzihof.ch\/wp-content\/uploads\/2020\/11\/2-scaled.jpg?resize=1800%2C1800&#038;strip=info&#038;ssl=1 1800w,https:\/\/i2.wp.com\/henzihof.ch\/wp-content\/uploads\/2020\/11\/2-scaled.jpg?resize=1920%2C1920&#038;strip=info&#038;ssl=1 1920w\" alt=\"\" data-height=\"2560\" data-id=\"533\" data-link=\"https:\/\/henzihof.ch\/2\/\" data-url=\"https:\/\/henzihof.ch\/wp-content\/uploads\/2020\/11\/2-scaled.jpg\" data-width=\"1920\" src=\"https:\/\/i2.wp.com\/henzihof.ch\/wp-content\/uploads\/2020\/11\/2-scaled.jpg?ssl=1&amp;resize=1920%2C1920\" layout=\"responsive\"\/><\/figure><\/div><\/div><\/div><\/div>\n\n\n\n<p><\/p>\n<\/div><\/div>\n\n\n\n<h2 class=\"wp-block-heading has-text-align-center has-white-color has-text-color\">DEr henzihof<\/h2>\n\n\n\n<div class=\"wp-block-jetpack-layout-grid alignfull column1-desktop-grid__span-6 column1-desktop-grid__start-4 column1-desktop-grid__row-1 column1-tablet-grid__span-6 column1-tablet-grid__start-2 column1-tablet-grid__row-1 column1-mobile-grid__span-4 column1-mobile-grid__row-1 wp-block-jetpack-layout-gutter__small\">\n<div class=\"wp-block-jetpack-layout-grid-column wp-block-jetpack-layout-grid__padding-none\">\n<p class=\"has-text-align-center\">Im Bauentwicklungsgebiet Weitblick, direkt beim Bahnhof und bei der Bushaltestelle Allmend, liegt der Henzihof. Das Bauernhaus, die umliegende Hostet und das Lusth\u00e4uschen bilden zusammen ein historisches Ensemble. <\/p>\n\n\n\n<p class=\"has-text-align-center\">Im Hinblick auf ein zuk\u00fcnftiges Quartierzentrum stellt die Stadt Solothurn der Bev\u00f6lkerung Scheune, Stallungen und Teile der Umgebung des Henzihofs f\u00fcr befristete Zwischennutzungen zur Verf\u00fcgung. Diese sollen aufzeigen, ob und in welcher Art sich der Henzihof als Quartierzentrum eignet, um an der Schnittstelle zwischen bestehendem und neuem Quartier ein aktives und kreatives Zusammenleben zu f\u00f6rdern. <\/p>\n<\/div>\n<\/div>\n\n\n\n<div class=\"wp-block-group alignfull has-black-color has-white-background-color has-text-color has-background\"><div class=\"wp-block-group__inner-container is-layout-flow wp-block-group-is-layout-flow\">\n<div class=\"wp-block-jetpack-tiled-gallery alignfull is-style-square\"><div class=\"tiled-gallery__gallery\"><div class=\"tiled-gallery__row columns-4\"><div class=\"tiled-gallery__col\"><figure class=\"tiled-gallery__item\"><img decoding=\"async\" srcset=\"https:\/\/i0.wp.com\/henzihof.ch\/wp-content\/uploads\/2020\/11\/n-wide-16x9-fill-2.jpg?resize=507%2C507&#038;strip=info&#038;ssl=1 507w\" alt=\"\" data-height=\"507\" data-id=\"581\" data-link=\"https:\/\/henzihof.ch\/n-wide-16x9-fill-2\/\" data-url=\"https:\/\/henzihof.ch\/wp-content\/uploads\/2020\/11\/n-wide-16x9-fill-2.jpg\" data-width=\"761\" src=\"https:\/\/i0.wp.com\/henzihof.ch\/wp-content\/uploads\/2020\/11\/n-wide-16x9-fill-2.jpg?ssl=1&amp;resize=507%2C507\" layout=\"responsive\"\/><\/figure><\/div><div class=\"tiled-gallery__col\"><figure class=\"tiled-gallery__item\"><img decoding=\"async\" srcset=\"https:\/\/i0.wp.com\/henzihof.ch\/wp-content\/uploads\/2020\/11\/dscf3251-scaled.jpg?resize=600%2C600&#038;strip=info&#038;ssl=1 600w,https:\/\/i0.wp.com\/henzihof.ch\/wp-content\/uploads\/2020\/11\/dscf3251-scaled.jpg?resize=900%2C900&#038;strip=info&#038;ssl=1 900w,https:\/\/i0.wp.com\/henzihof.ch\/wp-content\/uploads\/2020\/11\/dscf3251-scaled.jpg?resize=1200%2C1200&#038;strip=info&#038;ssl=1 1200w,https:\/\/i0.wp.com\/henzihof.ch\/wp-content\/uploads\/2020\/11\/dscf3251-scaled.jpg?resize=1500%2C1500&#038;strip=info&#038;ssl=1 1500w,https:\/\/i0.wp.com\/henzihof.ch\/wp-content\/uploads\/2020\/11\/dscf3251-scaled.jpg?resize=1800%2C1800&#038;strip=info&#038;ssl=1 1800w,https:\/\/i0.wp.com\/henzihof.ch\/wp-content\/uploads\/2020\/11\/dscf3251-scaled.jpg?resize=1920%2C1920&#038;strip=info&#038;ssl=1 1920w\" alt=\"\" data-height=\"2560\" data-id=\"555\" data-link=\"https:\/\/henzihof.ch\/dscf3251\/\" data-url=\"https:\/\/henzihof.ch\/wp-content\/uploads\/2020\/11\/dscf3251-scaled.jpg\" data-width=\"1920\" src=\"https:\/\/i0.wp.com\/henzihof.ch\/wp-content\/uploads\/2020\/11\/dscf3251-scaled.jpg?ssl=1&amp;resize=1920%2C1920\" layout=\"responsive\"\/><\/figure><\/div><div class=\"tiled-gallery__col\"><figure class=\"tiled-gallery__item\"><img decoding=\"async\" srcset=\"https:\/\/i2.wp.com\/henzihof.ch\/wp-content\/uploads\/2020\/11\/dscf3214-scaled.jpg?resize=600%2C600&#038;strip=info&#038;ssl=1 600w,https:\/\/i2.wp.com\/henzihof.ch\/wp-content\/uploads\/2020\/11\/dscf3214-scaled.jpg?resize=900%2C900&#038;strip=info&#038;ssl=1 900w,https:\/\/i2.wp.com\/henzihof.ch\/wp-content\/uploads\/2020\/11\/dscf3214-scaled.jpg?resize=1200%2C1200&#038;strip=info&#038;ssl=1 1200w,https:\/\/i2.wp.com\/henzihof.ch\/wp-content\/uploads\/2020\/11\/dscf3214-scaled.jpg?resize=1500%2C1500&#038;strip=info&#038;ssl=1 1500w,https:\/\/i2.wp.com\/henzihof.ch\/wp-content\/uploads\/2020\/11\/dscf3214-scaled.jpg?resize=1800%2C1800&#038;strip=info&#038;ssl=1 1800w,https:\/\/i2.wp.com\/henzihof.ch\/wp-content\/uploads\/2020\/11\/dscf3214-scaled.jpg?resize=1920%2C1920&#038;strip=info&#038;ssl=1 1920w\" alt=\"\" data-height=\"2560\" data-id=\"554\" data-link=\"https:\/\/henzihof.ch\/dscf3214\/\" data-url=\"https:\/\/henzihof.ch\/wp-content\/uploads\/2020\/11\/dscf3214-scaled.jpg\" data-width=\"1920\" src=\"https:\/\/i2.wp.com\/henzihof.ch\/wp-content\/uploads\/2020\/11\/dscf3214-scaled.jpg?ssl=1&amp;resize=1920%2C1920\" layout=\"responsive\"\/><\/figure><\/div><div class=\"tiled-gallery__col\"><figure class=\"tiled-gallery__item\"><img decoding=\"async\" srcset=\"https:\/\/i0.wp.com\/henzihof.ch\/wp-content\/uploads\/2020\/11\/dscf3382-scaled.jpg?resize=600%2C600&#038;strip=info&#038;ssl=1 600w,https:\/\/i0.wp.com\/henzihof.ch\/wp-content\/uploads\/2020\/11\/dscf3382-scaled.jpg?resize=900%2C900&#038;strip=info&#038;ssl=1 900w,https:\/\/i0.wp.com\/henzihof.ch\/wp-content\/uploads\/2020\/11\/dscf3382-scaled.jpg?resize=1200%2C1200&#038;strip=info&#038;ssl=1 1200w,https:\/\/i0.wp.com\/henzihof.ch\/wp-content\/uploads\/2020\/11\/dscf3382-scaled.jpg?resize=1500%2C1500&#038;strip=info&#038;ssl=1 1500w,https:\/\/i0.wp.com\/henzihof.ch\/wp-content\/uploads\/2020\/11\/dscf3382-scaled.jpg?resize=1800%2C1800&#038;strip=info&#038;ssl=1 1800w,https:\/\/i0.wp.com\/henzihof.ch\/wp-content\/uploads\/2020\/11\/dscf3382-scaled.jpg?resize=1920%2C1920&#038;strip=info&#038;ssl=1 1920w\" alt=\"\" data-height=\"2560\" data-id=\"559\" data-link=\"https:\/\/henzihof.ch\/dscf3382\/\" data-url=\"https:\/\/henzihof.ch\/wp-content\/uploads\/2020\/11\/dscf3382-scaled.jpg\" data-width=\"1920\" src=\"https:\/\/i0.wp.com\/henzihof.ch\/wp-content\/uploads\/2020\/11\/dscf3382-scaled.jpg?ssl=1&amp;resize=1920%2C1920\" layout=\"responsive\"\/><\/figure><\/div><\/div><\/div><\/div>\n\n\n\n<p><\/p>\n<\/div><\/div>\n\n\n\n<div class=\"wp-block-group\"><div class=\"wp-block-group__inner-container is-layout-flow wp-block-group-is-layout-flow\"><\/div><\/div>\n\n\n\n<p><\/p>\n<\/div><\/div>\n\n\n\n<div class=\"wp-block-group alignfull fullwidth\"><div class=\"wp-block-group__inner-container is-layout-flow wp-block-group-is-layout-flow\">\n<div class=\"wp-block-jetpack-layout-grid alignfull column1-desktop-grid__span-6 column1-desktop-grid__start-4 column1-desktop-grid__row-1 column1-tablet-grid__span-6 column1-tablet-grid__start-2 column1-tablet-grid__row-1 column1-mobile-grid__span-4 column1-mobile-grid__row-1 wp-block-jetpack-layout-gutter__small\">\n<div class=\"wp-block-jetpack-layout-grid-column wp-block-jetpack-layout-grid__padding-none\">\n<h2 class=\"wp-block-heading has-text-align-center\">R\u00c4UMLICHKEITEN<\/h2>\n\n\n\n<p class=\"has-text-align-center\">Nach einem minimalen, sehr kreativen Ausbau mit Occasionbauteilen bietet der Hof vielf\u00e4ltig nutzbare R\u00e4umlichkeiten in sehr inspirierendem, stimmungsvollem Ambiente. <\/p>\n\n\n\n<figure class=\"wp-block-embed is-type-video is-provider-youtube wp-block-embed-youtube wp-embed-aspect-16-9 wp-has-aspect-ratio\"><div class=\"wp-block-embed__wrapper\">\n<div class=\"jetpack-video-wrapper\"><iframe loading=\"lazy\" title=\"Zwischennutzung Weitblick-Henzihof | Rundgang durch die R\u00e4umlichkeiten\" width=\"685\" height=\"385\" src=\"https:\/\/www.youtube.com\/embed\/DQ5q_oy4nzM?feature=oembed\" frameborder=\"0\" allow=\"accelerometer; autoplay; clipboard-write; encrypted-media; gyroscope; picture-in-picture; web-share\" referrerpolicy=\"strict-origin-when-cross-origin\" allowfullscreen><\/iframe><\/div>\n<\/div><\/figure>\n\n\n\n<p class=\"has-text-align-center\">Nachdem in einer ersten Phase junge Kunstschaffende das Erdgeschoss genutzt hatten, befindet sich darin neu das Gemeinschaftsb\u00fcro&nbsp;Wurzelwerk. Im Nachbarstall entstand eine Holzwerkstatt und im Obergeschoss ein Proberaum f\u00fcr Musiker. Die \u00f6ffentlich zug\u00e4nglichen R\u00e4umlichkeiten werden gerne f\u00fcr Veranstaltungen, Aktionen, Vereinsanl\u00e4sse oder private Zwecke genutzt. <a href=\"https:\/\/henzihof.ch\/index.php\/nutzungen\/\" data-type=\"page\" data-id=\"134\">Weiterlesen&#8230;<\/a><\/p>\n\n\n\n<p class=\"has-text-align-center\">M\u00f6chten Sie eine eigene Idee verwirklichen?<br> Nehmen Sie mit uns <a href=\"https:\/\/henzihof.ch\/index.php\/kontakt\/\" data-type=\"page\" data-id=\"450\">Kontakt<\/a> auf!&nbsp;<\/p>\n<\/div>\n<\/div>\n<\/div><\/div>\n\n\n\n<div class=\"wp-block-group alignfull has-black-color has-white-background-color has-text-color has-background\"><div class=\"wp-block-group__inner-container is-layout-flow wp-block-group-is-layout-flow\">\n<div class=\"wp-block-group alignfull fullwidth has-background\" style=\"background-color:#e6007e\"><div class=\"wp-block-group__inner-container is-layout-flow wp-block-group-is-layout-flow\">\n<div class=\"wp-block-jetpack-layout-grid alignfull column1-desktop-grid__span-12 column1-desktop-grid__row-1 column1-tablet-grid__span-8 column1-tablet-grid__row-1 column1-mobile-grid__span-4 column1-mobile-grid__row-1\">\n<div class=\"wp-block-jetpack-layout-grid-column wp-block-jetpack-layout-grid__padding-none\">\n<h4 class=\"wp-block-heading has-text-align-center has-white-color has-text-color\" style=\"line-height:0\">erm\u00f6glicht durch<\/h4>\n\n\n<div class=\"wp-block-image\">\n<figure class=\"aligncenter size-large is-resized\"><img loading=\"lazy\" decoding=\"async\" width=\"600\" height=\"81\" src=\"https:\/\/henzihof.ch\/wp-content\/uploads\/2023\/04\/stadt-solothurn-logo.png\" alt=\"\" class=\"wp-image-1877\" style=\"width:300px;height:41px\" srcset=\"https:\/\/henzihof.ch\/wp-content\/uploads\/2023\/04\/stadt-solothurn-logo.png 600w, https:\/\/henzihof.ch\/wp-content\/uploads\/2023\/04\/stadt-solothurn-logo-300x41.png 300w\" sizes=\"(max-width: 600px) 100vw, 600px\" \/><\/figure><\/div>\n\n\n<h4 class=\"wp-block-heading has-text-align-center has-white-color has-text-color\" style=\"line-height:0\"><strong>Projektbegleitung<\/strong><\/h4>\n\n\n\n<p class=\"has-text-align-center has-white-color has-text-color\" style=\"font-size:14px\"><strong><a href=\"https:\/\/www.denkstatt-sarl.ch\/\">baub\u00fcro insitu und denkstatt s\u00e0rl<\/a>&nbsp;<\/strong><\/p>\n\n\n\n<p><\/p>\n<\/div>\n<\/div>\n<\/div><\/div>\n<\/div><\/div>\n","protected":false},"excerpt":{"rendered":"<p>Aktuelles und Events Der Henzihof wir geschlossen &#8211; Zwischennutzung bleibt Der Henzihof wird aus Sicherheitsgr\u00fcnden per sofort geschlossen, dies hat die Gemeinderatskommission am 23. Oktober entschieden. Die Stadt hat eine statische Untersuchung in Auftrag gegeben, um zu \u00fcberpr\u00fcfen, wie sich der Zustand seit 2018 ver\u00e4ndert hat. Die Untersuchung hat ergeben, dass die bauliche Sicherheit aktuell &hellip; <a href=\"https:\/\/henzihof.ch\/\" class=\"more-link\">Continue reading <span class=\"screen-reader-text\"><\/span><\/a><\/p>\n","protected":false},"author":1,"featured_media":552,"parent":0,"menu_order":1,"comment_status":"closed","ping_status":"closed","template":"templates\/full-width-page.php","meta":{"footnotes":""},"jetpack_sharing_enabled":false,"featured_image_src":"https:\/\/henzihof.ch\/wp-content\/uploads\/2020\/11\/cropped-dscf3332-2000x1500-1-5.jpg","featured_image_src_square":"https:\/\/henzihof.ch\/wp-content\/uploads\/2020\/11\/cropped-dscf3332-2000x1500-1-5.jpg","_links":{"self":[{"href":"https:\/\/henzihof.ch\/index.php\/wp-json\/wp\/v2\/pages\/6"}],"collection":[{"href":"https:\/\/henzihof.ch\/index.php\/wp-json\/wp\/v2\/pages"}],"about":[{"href":"https:\/\/henzihof.ch\/index.php\/wp-json\/wp\/v2\/types\/page"}],"author":[{"embeddable":true,"href":"https:\/\/henzihof.ch\/index.php\/wp-json\/wp\/v2\/users\/1"}],"replies":[{"embeddable":true,"href":"https:\/\/henzihof.ch\/index.php\/wp-json\/wp\/v2\/comments?post=6"}],"version-history":[{"count":26,"href":"https:\/\/henzihof.ch\/index.php\/wp-json\/wp\/v2\/pages\/6\/revisions"}],"predecessor-version":[{"id":5591,"href":"https:\/\/henzihof.ch\/index.php\/wp-json\/wp\/v2\/pages\/6\/revisions\/5591"}],"wp:featuredmedia":[{"embeddable":true,"href":"https:\/\/henzihof.ch\/index.php\/wp-json\/wp\/v2\/media\/552"}],"wp:attachment":[{"href":"https:\/\/henzihof.ch\/index.php\/wp-json\/wp\/v2\/media?parent=6"}],"curies":[{"name":"wp","href":"https:\/\/api.w.org\/{rel}","templated":true}]}}