{"id":469,"date":"2020-10-15T13:11:33","date_gmt":"2020-10-15T11:11:33","guid":{"rendered":"https:\/\/henzihof.wordpress.com\/?page_id=469"},"modified":"2024-01-30T11:40:58","modified_gmt":"2024-01-30T10:40:58","slug":"organisation-und-koordination","status":"publish","type":"page","link":"https:\/\/henzihof.ch\/index.php\/kontakt\/organisation-und-koordination\/","title":{"rendered":"ORGANISATION UND KOORDINATION"},"content":{"rendered":"\n<p class=\"has-text-align-center\">Zoe Stadler, Mitarbeiterin beim Bereich Soziokultur des Alten Spitals, ist Ansprechpartnerin f\u00fcr Vermietungen und weitere Interessierte. Zudem leitet sie die Betriebsgruppe, welche aus Nutzer*innen des Areals besteht.<\/p>\n\n\n\n<div style=\"height:50px\" aria-hidden=\"true\" class=\"wp-block-spacer\"><\/div>\n\n\n\n<div class=\"wp-block-group alignfull fullwidth has-white-color has-text-color has-background\" style=\"background-color:#e6007e\"><div class=\"wp-block-group__inner-container is-layout-flow wp-block-group-is-layout-flow\">\n<div class=\"wp-block-jetpack-layout-grid alignfull column1-desktop-grid__span-12 column1-desktop-grid__row-1 column1-tablet-grid__span-8 column1-tablet-grid__row-1 column1-mobile-grid__span-4 column1-mobile-grid__row-1\">\n<div class=\"wp-block-jetpack-layout-grid-column wp-block-jetpack-layout-grid__padding-none\">\n<h3 class=\"wp-block-heading has-text-align-center has-white-color has-text-color\">Mitglieder der Betriebsgruppe<\/h3>\n\n\n\n<p class=\"has-text-align-center has-white-color has-text-color\"><strong>Canan \u00d6ner<br><\/strong>Hostetgarten<\/p>\n\n\n\n<p class=\"has-text-align-center has-white-color has-text-color\"><strong>Roger Gunzinger<br><\/strong>Holzwerkstatt, Hauswart<\/p>\n\n\n\n<p class=\"has-text-align-center\"><strong>Bianca Haase<br><\/strong>Naturkindergarten<\/p>\n\n\n\n<p class=\"has-text-align-center has-white-color has-text-color\"><strong>Jeannine Brutschin<a href=\"mailto:beatricebeer@bluewin.ch\"><br><\/a><\/strong>Gemeinschaftsb\u00fcro Wurzelwerk <\/p>\n\n\n\n<p class=\"has-text-align-center has-white-color has-text-color\"><strong>Herv\u00e9 und Susanne Morin<a href=\"mailto:lisa.jaggi@sunrise.ch\"><br><\/a><\/strong>Hostet-Gruppe<\/p>\n\n\n\n<p class=\"has-text-align-center has-white-color has-text-color\"><strong>Lino Dutoit<a href=\"mailto:peter@andraschko.ch\"><br><\/a><\/strong>Triskel Archery<\/p>\n\n\n\n<p class=\"has-text-align-center\"><strong>Sarah Sch\u00e4fer<a href=\"mailto:peter@andraschko.ch\"><br><\/a><\/strong>Lusth\u00e4uschen<\/p>\n\n\n\n<p><\/p>\n<\/div>\n<\/div>\n\n\n\n<div style=\"height:50px\" aria-hidden=\"true\" class=\"wp-block-spacer\"><\/div>\n<\/div><\/div>\n\n\n\n<p><\/p>\n","protected":false},"excerpt":{"rendered":"<p>Zoe Stadler, Mitarbeiterin beim Bereich Soziokultur des Alten Spitals, ist Ansprechpartnerin f\u00fcr Vermietungen und weitere Interessierte. Zudem leitet sie die Betriebsgruppe, welche aus Nutzer*innen des Areals besteht. Mitglieder der Betriebsgruppe Canan \u00d6nerHostetgarten Roger GunzingerHolzwerkstatt, Hauswart Bianca HaaseNaturkindergarten Jeannine BrutschinGemeinschaftsb\u00fcro Wurzelwerk Herv\u00e9 und Susanne MorinHostet-Gruppe Lino DutoitTriskel Archery Sarah Sch\u00e4ferLusth\u00e4uschen<\/p>\n","protected":false},"author":1,"featured_media":39,"parent":450,"menu_order":0,"comment_status":"closed","ping_status":"closed","template":"","meta":{"footnotes":""},"jetpack_sharing_enabled":true,"featured_image_src":"https:\/\/henzihof.ch\/wp-content\/uploads\/2020\/09\/cropped-dscf3332-2000x1500-1-600x400.jpg","featured_image_src_square":"https:\/\/henzihof.ch\/wp-content\/uploads\/2020\/09\/cropped-dscf3332-2000x1500-1-600x600.jpg","_links":{"self":[{"href":"https:\/\/henzihof.ch\/index.php\/wp-json\/wp\/v2\/pages\/469"}],"collection":[{"href":"https:\/\/henzihof.ch\/index.php\/wp-json\/wp\/v2\/pages"}],"about":[{"href":"https:\/\/henzihof.ch\/index.php\/wp-json\/wp\/v2\/types\/page"}],"author":[{"embeddable":true,"href":"https:\/\/henzihof.ch\/index.php\/wp-json\/wp\/v2\/users\/1"}],"replies":[{"embeddable":true,"href":"https:\/\/henzihof.ch\/index.php\/wp-json\/wp\/v2\/comments?post=469"}],"version-history":[{"count":13,"href":"https:\/\/henzihof.ch\/index.php\/wp-json\/wp\/v2\/pages\/469\/revisions"}],"predecessor-version":[{"id":2733,"href":"https:\/\/henzihof.ch\/index.php\/wp-json\/wp\/v2\/pages\/469\/revisions\/2733"}],"up":[{"embeddable":true,"href":"https:\/\/henzihof.ch\/index.php\/wp-json\/wp\/v2\/pages\/450"}],"wp:featuredmedia":[{"embeddable":true,"href":"https:\/\/henzihof.ch\/index.php\/wp-json\/wp\/v2\/media\/39"}],"wp:attachment":[{"href":"https:\/\/henzihof.ch\/index.php\/wp-json\/wp\/v2\/media?parent=469"}],"curies":[{"name":"wp","href":"https:\/\/api.w.org\/{rel}","templated":true}]}}