{"id":2406,"date":"2023-10-17T15:31:50","date_gmt":"2023-10-17T14:31:50","guid":{"rendered":"https:\/\/henzihof.ch\/?page_id=2406"},"modified":"2025-11-11T15:55:59","modified_gmt":"2025-11-11T14:55:59","slug":"veranstaltungen","status":"publish","type":"page","link":"https:\/\/henzihof.ch\/index.php\/veranstaltungen\/","title":{"rendered":"Veranstaltungen"},"content":{"rendered":"\n<p>Im Henzihof, auf dem Areal und im Lusth\u00e4uschen laufen diverse Veranstaltungen. <\/p>\n\n\n\n<p>Hier ein kurzer \u00dcberblick \u00fcber kommende Events:<\/p>\n\n\n\n<div class=\"wp-block-group alignfull\"><div class=\"wp-block-group__inner-container is-layout-flow wp-block-group-is-layout-flow\">\n<div class=\"wp-block-group alignfull\"><div class=\"wp-block-group__inner-container is-layout-flow wp-block-group-is-layout-flow\">\n<div class=\"wp-block-group alignfull\"><div class=\"wp-block-group__inner-container is-layout-flow wp-block-group-is-layout-flow\">\n<h2 class=\"wp-block-heading has-text-align-center\">Wir sind in der Winterpause<\/h2>\n<\/div><\/div>\n\n\n\n<p class=\"has-text-align-center\">Wir sind bis im Fr\u00fchling in der Winterpause. Im Fr\u00fchling werden wieder neue Veranstaltungen auf dem Henzihof Aussenareal folgen. <\/p>\n\n\n\n<p><\/p>\n\n\n\n<div class=\"wp-block-group alignfull\"><div class=\"wp-block-group__inner-container is-layout-flow wp-block-group-is-layout-flow\">\n<div class=\"wp-block-group alignfull is-vertical is-layout-flex wp-container-core-group-is-layout-2 wp-block-group-is-layout-flex\">\n<h2 class=\"wp-block-heading\"><\/h2>\n<\/div>\n<\/div><\/div>\n<\/div><\/div>\n<\/div><\/div>\n\n\n\n<div class=\"wp-block-group alignfull\"><div class=\"wp-block-group__inner-container is-layout-flow wp-block-group-is-layout-flow\">\n<div class=\"wp-block-jetpack-layout-grid alignfull column1-desktop-grid__span-6 column1-desktop-grid__start-4 column1-desktop-grid__row-1 column1-tablet-grid__span-8 column1-tablet-grid__row-1 column1-mobile-grid__span-4 column1-mobile-grid__row-1\">\n<div class=\"wp-block-jetpack-layout-grid-column wp-block-jetpack-layout-grid__padding-none\">\n<h2 class=\"wp-block-heading has-text-align-center\"><\/h2>\n<\/div>\n<\/div>\n<\/div><\/div>\n\n\n\n<div class=\"wp-block-group alignfull has-white-color has-text-color has-background\" style=\"background-color:#e6007e\"><div class=\"wp-block-group__inner-container is-layout-flow wp-block-group-is-layout-flow\">\n<div style=\"height:23px\" aria-hidden=\"true\" class=\"wp-block-spacer\"><\/div>\n\n\n\n<p class=\"has-text-align-center has-white-color has-text-color has-link-color wp-elements-c6a778ea67a15aed1de4161d457356d5\"><a href=\"https:\/\/henzihof.ch\/index.php\/nutzungen\/projekte\/\" data-type=\"page\" data-id=\"146\">AKTUELLE AKTIVIT\u00c4TEN<\/a> | <a href=\"https:\/\/henzihof.ch\/index.php\/nutzungen\/vergangene-projekte\/\" data-type=\"page\" data-id=\"153\">VERGANGENE AKTIVIT\u00c4TEN<\/a><\/p>\n\n\n\n<h2 class=\"wp-block-heading has-text-align-center has-white-color has-text-color\">Mitmachen?<\/h2>\n\n\n\n<p class=\"has-text-align-center has-white-color has-text-color has-link-color wp-elements-803fdba255c60400918209cf4b34fe7b\">Wir freuen uns, wenn Sie sich mit nachstehendem&nbsp;<a href=\"https:\/\/henzihof.ch\/index.php\/kontakt\/\" data-type=\"page\" data-id=\"450\">Kontaktformular<\/a>&nbsp;bei der Quartierarbeit Solothurn West melden.<\/p>\n\n\n\n<div style=\"height:23px\" aria-hidden=\"true\" class=\"wp-block-spacer\"><\/div>\n\n\n\n<p><\/p>\n<\/div><\/div>\n\n\n\n<p><\/p>\n","protected":false},"excerpt":{"rendered":"<p>Im Henzihof, auf dem Areal und im Lusth\u00e4uschen laufen diverse Veranstaltungen. Hier ein kurzer \u00dcberblick \u00fcber kommende Events: Wir sind in der Winterpause Wir sind bis im Fr\u00fchling in der Winterpause. Im Fr\u00fchling werden wieder neue Veranstaltungen auf dem Henzihof Aussenareal folgen. AKTUELLE AKTIVIT\u00c4TEN | VERGANGENE AKTIVIT\u00c4TEN Mitmachen? Wir freuen uns, wenn Sie sich mit &hellip; <a href=\"https:\/\/henzihof.ch\/index.php\/veranstaltungen\/\" class=\"more-link\">Continue reading <span class=\"screen-reader-text\">Veranstaltungen<\/span><\/a><\/p>\n","protected":false},"author":1,"featured_media":0,"parent":0,"menu_order":0,"comment_status":"closed","ping_status":"closed","template":"","meta":{"footnotes":""},"jetpack_sharing_enabled":true,"featured_image_src":null,"featured_image_src_square":null,"_links":{"self":[{"href":"https:\/\/henzihof.ch\/index.php\/wp-json\/wp\/v2\/pages\/2406"}],"collection":[{"href":"https:\/\/henzihof.ch\/index.php\/wp-json\/wp\/v2\/pages"}],"about":[{"href":"https:\/\/henzihof.ch\/index.php\/wp-json\/wp\/v2\/types\/page"}],"author":[{"embeddable":true,"href":"https:\/\/henzihof.ch\/index.php\/wp-json\/wp\/v2\/users\/1"}],"replies":[{"embeddable":true,"href":"https:\/\/henzihof.ch\/index.php\/wp-json\/wp\/v2\/comments?post=2406"}],"version-history":[{"count":14,"href":"https:\/\/henzihof.ch\/index.php\/wp-json\/wp\/v2\/pages\/2406\/revisions"}],"predecessor-version":[{"id":5587,"href":"https:\/\/henzihof.ch\/index.php\/wp-json\/wp\/v2\/pages\/2406\/revisions\/5587"}],"wp:attachment":[{"href":"https:\/\/henzihof.ch\/index.php\/wp-json\/wp\/v2\/media?parent=2406"}],"curies":[{"name":"wp","href":"https:\/\/api.w.org\/{rel}","templated":true}]}}