{"id":2092,"date":"2023-07-11T16:23:37","date_gmt":"2023-07-11T15:23:37","guid":{"rendered":"https:\/\/henzihof.ch\/?page_id=2092"},"modified":"2024-01-30T11:36:51","modified_gmt":"2024-01-30T10:36:51","slug":"mieten","status":"publish","type":"page","link":"https:\/\/henzihof.ch\/index.php\/mieten\/","title":{"rendered":"R\u00c4UMLICHKEITEN MIETEN"},"content":{"rendered":"\n<div class=\"wp-block-group alignfull fullwidth\"><div class=\"wp-block-group__inner-container is-layout-flow wp-block-group-is-layout-flow\">\n<div class=\"wp-block-group alignfull\"><div class=\"wp-block-group__inner-container is-layout-flow wp-block-group-is-layout-flow\">\n<div class=\"wp-block-jetpack-layout-grid alignfull column1-desktop-grid__span-6 column1-desktop-grid__start-4 column1-desktop-grid__row-1 column1-tablet-grid__span-8 column1-tablet-grid__row-1 column1-mobile-grid__span-4 column1-mobile-grid__row-1\">\n<div class=\"wp-block-jetpack-layout-grid-column wp-block-jetpack-layout-grid__padding-none\">\n<h2 class=\"wp-block-heading has-text-align-center has-text-color\" style=\"color:#e6007e\">Wichtige Infos<\/h2>\n\n\n\n<p class=\"has-text-align-center\">Die mietbaren R\u00e4umlichkeiten befinden sich in der Scheune des ehemaligen Bauernhofs. Die R\u00e4umlichkeiten sind nicht isoliert und d\u00fcrfen nicht beheizt werden. Strom, Wasser und ein eingebauter WC-Container mit einer Toilette sind vorhanden.<\/p>\n\n\n\n<p class=\"has-text-align-center\"><span style=\"text-decoration: underline;\" class=\"underline\">Infrastruktur:<\/span><\/p>\n\n\n\n<p class=\"has-text-align-center\">Zus\u00e4tzlich zur Raummiete k\u00f6nnen Flipchart, Moderationskoffer und Geschirr kostenpflichtig dazu gemietet werden. St\u00fchle und Tischbankgarnituren stellen wir gerne kostenlos zur Verf\u00fcgung.<\/p>\n\n\n\n<p class=\"has-text-align-center\"><span style=\"text-decoration: underline;\" class=\"underline\">Preise:<\/span><\/p>\n\n\n\n<p class=\"has-text-align-center\">Bei den Mietpreisen wird unterschieden zwischen \u00f6ffentlichen Nutzungen, Vereinsaktivit\u00e4ten und privaten\/kommerziellen Nutzungen. F\u00fcr Jugendliche und Erwachsene ohne oder mit geringem Einkommen k\u00f6nnen die Mietpreise reduziert werden.<\/p>\n\n\n\n<div class=\"wp-block-jetpack-layout-grid alignfull column1-desktop-grid__span-6 column1-desktop-grid__row-1 column2-desktop-grid__span-6 column2-desktop-grid__start-7 column2-desktop-grid__row-1 column1-tablet-grid__span-4 column1-tablet-grid__row-1 column2-tablet-grid__span-4 column2-tablet-grid__start-5 column2-tablet-grid__row-1 column1-mobile-grid__span-4 column1-mobile-grid__row-1 column2-mobile-grid__span-4 column2-mobile-grid__row-2\">\n<div class=\"wp-block-jetpack-layout-grid-column wp-block-jetpack-layout-grid__padding-none\"><div class=\"wp-block-image is-style-default\">\n<figure class=\"alignright size-thumbnail\"><a href=\"https:\/\/henzihof.ch\/wp-content\/uploads\/2023\/08\/Nutzungsbestimmungen_Henzihof_19_12.pdf\"><img loading=\"lazy\" decoding=\"async\" width=\"150\" height=\"150\" src=\"https:\/\/henzihof.ch\/wp-content\/uploads\/2023\/08\/1-150x150.png\" alt=\"\" class=\"wp-image-2236\" srcset=\"https:\/\/henzihof.ch\/wp-content\/uploads\/2023\/08\/1-150x150.png 150w, https:\/\/henzihof.ch\/wp-content\/uploads\/2023\/08\/1-300x300.png 300w, https:\/\/henzihof.ch\/wp-content\/uploads\/2023\/08\/1-1024x1024.png 1024w, https:\/\/henzihof.ch\/wp-content\/uploads\/2023\/08\/1-768x768.png 768w, https:\/\/henzihof.ch\/wp-content\/uploads\/2023\/08\/1-600x600.png 600w, https:\/\/henzihof.ch\/wp-content\/uploads\/2023\/08\/1-685x685.png 685w, https:\/\/henzihof.ch\/wp-content\/uploads\/2023\/08\/1-100x100.png 100w, https:\/\/henzihof.ch\/wp-content\/uploads\/2023\/08\/1.png 1080w\" sizes=\"(max-width: 150px) 100vw, 150px\" \/><\/a><\/figure><\/div><\/div>\n\n\n\n<div class=\"wp-block-jetpack-layout-grid-column wp-block-jetpack-layout-grid__padding-none\"><div class=\"wp-block-image is-style-default\">\n<figure class=\"alignleft size-thumbnail\"><a href=\"https:\/\/henzihof.ch\/wp-content\/uploads\/2023\/08\/Mietpreise_12_02_20.pdf\"><img loading=\"lazy\" decoding=\"async\" width=\"150\" height=\"150\" src=\"https:\/\/henzihof.ch\/wp-content\/uploads\/2023\/08\/2-150x150.png\" alt=\"\" class=\"wp-image-2237\" srcset=\"https:\/\/henzihof.ch\/wp-content\/uploads\/2023\/08\/2-150x150.png 150w, https:\/\/henzihof.ch\/wp-content\/uploads\/2023\/08\/2-300x300.png 300w, https:\/\/henzihof.ch\/wp-content\/uploads\/2023\/08\/2-1024x1024.png 1024w, https:\/\/henzihof.ch\/wp-content\/uploads\/2023\/08\/2-768x768.png 768w, https:\/\/henzihof.ch\/wp-content\/uploads\/2023\/08\/2-600x600.png 600w, https:\/\/henzihof.ch\/wp-content\/uploads\/2023\/08\/2-685x685.png 685w, https:\/\/henzihof.ch\/wp-content\/uploads\/2023\/08\/2-100x100.png 100w, https:\/\/henzihof.ch\/wp-content\/uploads\/2023\/08\/2.png 1080w\" sizes=\"(max-width: 150px) 100vw, 150px\" \/><\/a><\/figure><\/div><\/div>\n<\/div>\n\n\n\n<p class=\"has-text-align-center\">Interessiert an einer Nutzung unserer R\u00e4umlichkeiten? Hier gehts zum <a href=\"https:\/\/henzihof.ch\/index.php\/kontakt\/\">Kontaktformular<\/a>.<\/p>\n<\/div>\n<\/div>\n<\/div><\/div>\n\n\n\n<div class=\"wp-block-group alignfull\"><div class=\"wp-block-group__inner-container is-layout-flow wp-block-group-is-layout-flow\">\n<div class=\"wp-block-group alignfull\"><div class=\"wp-block-group__inner-container is-layout-flow wp-block-group-is-layout-flow\">\n<div class=\"wp-block-group alignfull has-background\" style=\"background-color:#e6007e\"><div class=\"wp-block-group__inner-container is-layout-flow wp-block-group-is-layout-flow\">\n<div class=\"wp-block-group alignfull\"><div class=\"wp-block-group__inner-container is-layout-flow wp-block-group-is-layout-flow\">\n<div class=\"wp-block-group alignfull\"><div class=\"wp-block-group__inner-container is-layout-flow wp-block-group-is-layout-flow\">\n<div class=\"wp-block-jetpack-layout-grid alignfull column1-desktop-grid__span-6 column1-desktop-grid__start-4 column1-desktop-grid__row-1 column1-tablet-grid__span-8 column1-tablet-grid__row-1 column1-mobile-grid__span-4 column1-mobile-grid__row-1\">\n<div class=\"wp-block-jetpack-layout-grid-column wp-block-jetpack-layout-grid__padding-none\">\n<h2 class=\"wp-block-heading has-text-align-center has-white-color has-text-color\">Foyer (140qm)<\/h2>\n\n\n\n<p class=\"has-text-align-center has-white-color has-text-color\">Das Foyer ist das Herzst\u00fcck des Henzihofs, befindet sich im Erdgeschoss und ist rollstuhlst\u00e4ngig. Im Raum befindet sich ein Wc-Container mit einer Toilette und ein Lavabo. Ausserdem ist er mit diversen Sitzgelegenheiten ausgestattet, die mitgenutzt werden k\u00f6nnen.<\/p>\n\n\n\n<div class=\"wp-block-group\"><div class=\"wp-block-group__inner-container is-layout-flow wp-block-group-is-layout-flow\">\n<div class=\"wp-block-group\"><div class=\"wp-block-group__inner-container is-layout-flow wp-block-group-is-layout-flow\">\n<div class=\"wp-block-group\"><div class=\"wp-block-group__inner-container is-layout-flow wp-block-group-is-layout-flow\">\n<div class=\"wp-block-group\"><div class=\"wp-block-group__inner-container is-layout-flow wp-block-group-is-layout-flow\">\n<div class=\"wp-block-jetpack-tiled-gallery aligncenter is-style-rectangular\"><div class=\"tiled-gallery__gallery\"><div class=\"tiled-gallery__row\"><div class=\"tiled-gallery__col\" style=\"flex-basis:66.79626%\"><figure class=\"tiled-gallery__item\"><img decoding=\"async\" srcset=\"https:\/\/i1.wp.com\/henzihof.ch\/wp-content\/uploads\/2023\/07\/IMG_5048-scaled.jpg?strip=info&#038;w=600&#038;ssl=1 600w,https:\/\/i1.wp.com\/henzihof.ch\/wp-content\/uploads\/2023\/07\/IMG_5048-scaled.jpg?strip=info&#038;w=900&#038;ssl=1 900w,https:\/\/i1.wp.com\/henzihof.ch\/wp-content\/uploads\/2023\/07\/IMG_5048-scaled.jpg?strip=info&#038;w=1200&#038;ssl=1 1200w,https:\/\/i1.wp.com\/henzihof.ch\/wp-content\/uploads\/2023\/07\/IMG_5048-scaled.jpg?strip=info&#038;w=1500&#038;ssl=1 1500w,https:\/\/i1.wp.com\/henzihof.ch\/wp-content\/uploads\/2023\/07\/IMG_5048-scaled.jpg?strip=info&#038;w=1800&#038;ssl=1 1800w,https:\/\/i1.wp.com\/henzihof.ch\/wp-content\/uploads\/2023\/07\/IMG_5048-scaled.jpg?strip=info&#038;w=2000&#038;ssl=1 2000w\" alt=\"\" data-height=\"1707\" data-id=\"2097\" data-link=\"https:\/\/henzihof.ch\/index.php\/mieten\/img_5048\/\" data-url=\"https:\/\/henzihof.ch\/wp-content\/uploads\/2023\/07\/IMG_5048-scaled.jpg\" data-width=\"2560\" src=\"https:\/\/i1.wp.com\/henzihof.ch\/wp-content\/uploads\/2023\/07\/IMG_5048-scaled.jpg?ssl=1\" data-amp-layout=\"responsive\"\/><\/figure><\/div><div class=\"tiled-gallery__col\" style=\"flex-basis:33.20374%\"><figure class=\"tiled-gallery__item\"><img decoding=\"async\" srcset=\"https:\/\/i0.wp.com\/henzihof.ch\/wp-content\/uploads\/2023\/07\/IMG_5060-1-scaled.jpg?strip=info&#038;w=600&#038;ssl=1 600w,https:\/\/i0.wp.com\/henzihof.ch\/wp-content\/uploads\/2023\/07\/IMG_5060-1-scaled.jpg?strip=info&#038;w=900&#038;ssl=1 900w,https:\/\/i0.wp.com\/henzihof.ch\/wp-content\/uploads\/2023\/07\/IMG_5060-1-scaled.jpg?strip=info&#038;w=1200&#038;ssl=1 1200w,https:\/\/i0.wp.com\/henzihof.ch\/wp-content\/uploads\/2023\/07\/IMG_5060-1-scaled.jpg?strip=info&#038;w=1500&#038;ssl=1 1500w,https:\/\/i0.wp.com\/henzihof.ch\/wp-content\/uploads\/2023\/07\/IMG_5060-1-scaled.jpg?strip=info&#038;w=1800&#038;ssl=1 1800w,https:\/\/i0.wp.com\/henzihof.ch\/wp-content\/uploads\/2023\/07\/IMG_5060-1-scaled.jpg?strip=info&#038;w=2000&#038;ssl=1 2000w\" alt=\"\" data-height=\"1707\" data-id=\"2107\" data-link=\"https:\/\/henzihof.ch\/index.php\/mieten\/img_5060-1\/\" data-url=\"https:\/\/henzihof.ch\/wp-content\/uploads\/2023\/07\/IMG_5060-1-scaled.jpg\" data-width=\"2560\" src=\"https:\/\/i0.wp.com\/henzihof.ch\/wp-content\/uploads\/2023\/07\/IMG_5060-1-scaled.jpg?ssl=1\" data-amp-layout=\"responsive\"\/><\/figure><figure class=\"tiled-gallery__item\"><img decoding=\"async\" srcset=\"https:\/\/i1.wp.com\/henzihof.ch\/wp-content\/uploads\/2023\/07\/IMG_5062-1-scaled.jpg?strip=info&#038;w=600&#038;ssl=1 600w,https:\/\/i1.wp.com\/henzihof.ch\/wp-content\/uploads\/2023\/07\/IMG_5062-1-scaled.jpg?strip=info&#038;w=900&#038;ssl=1 900w,https:\/\/i1.wp.com\/henzihof.ch\/wp-content\/uploads\/2023\/07\/IMG_5062-1-scaled.jpg?strip=info&#038;w=1200&#038;ssl=1 1200w,https:\/\/i1.wp.com\/henzihof.ch\/wp-content\/uploads\/2023\/07\/IMG_5062-1-scaled.jpg?strip=info&#038;w=1500&#038;ssl=1 1500w,https:\/\/i1.wp.com\/henzihof.ch\/wp-content\/uploads\/2023\/07\/IMG_5062-1-scaled.jpg?strip=info&#038;w=1800&#038;ssl=1 1800w,https:\/\/i1.wp.com\/henzihof.ch\/wp-content\/uploads\/2023\/07\/IMG_5062-1-scaled.jpg?strip=info&#038;w=2000&#038;ssl=1 2000w\" alt=\"\" data-height=\"1707\" data-id=\"2109\" data-link=\"https:\/\/henzihof.ch\/index.php\/mieten\/img_5062-1\/\" data-url=\"https:\/\/henzihof.ch\/wp-content\/uploads\/2023\/07\/IMG_5062-1-scaled.jpg\" data-width=\"2560\" src=\"https:\/\/i1.wp.com\/henzihof.ch\/wp-content\/uploads\/2023\/07\/IMG_5062-1-scaled.jpg?ssl=1\" data-amp-layout=\"responsive\"\/><\/figure><\/div><\/div><\/div><\/div>\n<\/div><\/div>\n<\/div><\/div>\n<\/div><\/div>\n<\/div><\/div>\n\n\n\n<p><\/p>\n<\/div>\n<\/div>\n<\/div><\/div>\n<\/div><\/div>\n\n\n\n<div class=\"wp-block-group alignfull\"><div class=\"wp-block-group__inner-container is-layout-flow wp-block-group-is-layout-flow\">\n<div class=\"wp-block-group alignfull\"><div class=\"wp-block-group__inner-container is-layout-flow wp-block-group-is-layout-flow\">\n<div class=\"wp-block-jetpack-layout-grid alignfull column1-desktop-grid__span-6 column1-desktop-grid__start-4 column1-desktop-grid__row-1 column1-tablet-grid__span-8 column1-tablet-grid__row-1 column1-mobile-grid__span-4 column1-mobile-grid__row-1\">\n<div class=\"wp-block-jetpack-layout-grid-column wp-block-jetpack-layout-grid__padding-none\">\n<h2 class=\"wp-block-heading has-text-align-center has-white-color has-text-color\">B\u00fchne West (148qm)<\/h2>\n\n\n\n<p class=\"has-text-align-center has-white-color has-text-color\">Die B\u00fchne West ist ein leerer Raum, der f\u00fcr unterschiedliche Nuttungen (z. B. Flohmarkt, Workshops) gemietet werden kann. Er befindet sich im Obergeschoss und ist nur \u00fcber eine Treppe zug\u00e4nglich.<\/p>\n\n\n\n<div class=\"wp-block-group\"><div class=\"wp-block-group__inner-container is-layout-flow wp-block-group-is-layout-flow\">\n<div class=\"wp-block-group\"><div class=\"wp-block-group__inner-container is-layout-flow wp-block-group-is-layout-flow\">\n<div class=\"wp-block-group\"><div class=\"wp-block-group__inner-container is-layout-flow wp-block-group-is-layout-flow\">\n<div class=\"wp-block-group\"><div class=\"wp-block-group__inner-container is-layout-flow wp-block-group-is-layout-flow\">\n<div class=\"wp-block-jetpack-tiled-gallery aligncenter is-style-rectangular\"><div class=\"tiled-gallery__gallery\"><div class=\"tiled-gallery__row\"><div class=\"tiled-gallery__col\" style=\"flex-basis:66.79626%\"><figure class=\"tiled-gallery__item\"><img decoding=\"async\" srcset=\"https:\/\/i1.wp.com\/henzihof.ch\/wp-content\/uploads\/2023\/07\/IMG_5392-scaled.jpg?strip=info&#038;w=600&#038;ssl=1 600w,https:\/\/i1.wp.com\/henzihof.ch\/wp-content\/uploads\/2023\/07\/IMG_5392-scaled.jpg?strip=info&#038;w=900&#038;ssl=1 900w,https:\/\/i1.wp.com\/henzihof.ch\/wp-content\/uploads\/2023\/07\/IMG_5392-scaled.jpg?strip=info&#038;w=1200&#038;ssl=1 1200w,https:\/\/i1.wp.com\/henzihof.ch\/wp-content\/uploads\/2023\/07\/IMG_5392-scaled.jpg?strip=info&#038;w=1500&#038;ssl=1 1500w,https:\/\/i1.wp.com\/henzihof.ch\/wp-content\/uploads\/2023\/07\/IMG_5392-scaled.jpg?strip=info&#038;w=1800&#038;ssl=1 1800w,https:\/\/i1.wp.com\/henzihof.ch\/wp-content\/uploads\/2023\/07\/IMG_5392-scaled.jpg?strip=info&#038;w=2000&#038;ssl=1 2000w\" alt=\"\" data-height=\"1707\" data-id=\"2110\" data-link=\"https:\/\/henzihof.ch\/index.php\/mieten\/img_5392\/\" data-url=\"https:\/\/henzihof.ch\/wp-content\/uploads\/2023\/07\/IMG_5392-scaled.jpg\" data-width=\"2560\" src=\"https:\/\/i1.wp.com\/henzihof.ch\/wp-content\/uploads\/2023\/07\/IMG_5392-scaled.jpg?ssl=1\" data-amp-layout=\"responsive\"\/><\/figure><\/div><div class=\"tiled-gallery__col\" style=\"flex-basis:33.20374%\"><figure class=\"tiled-gallery__item\"><img decoding=\"async\" srcset=\"https:\/\/i1.wp.com\/henzihof.ch\/wp-content\/uploads\/2023\/07\/IMG_5402-scaled.jpg?strip=info&#038;w=600&#038;ssl=1 600w,https:\/\/i1.wp.com\/henzihof.ch\/wp-content\/uploads\/2023\/07\/IMG_5402-scaled.jpg?strip=info&#038;w=900&#038;ssl=1 900w,https:\/\/i1.wp.com\/henzihof.ch\/wp-content\/uploads\/2023\/07\/IMG_5402-scaled.jpg?strip=info&#038;w=1200&#038;ssl=1 1200w,https:\/\/i1.wp.com\/henzihof.ch\/wp-content\/uploads\/2023\/07\/IMG_5402-scaled.jpg?strip=info&#038;w=1500&#038;ssl=1 1500w,https:\/\/i1.wp.com\/henzihof.ch\/wp-content\/uploads\/2023\/07\/IMG_5402-scaled.jpg?strip=info&#038;w=1800&#038;ssl=1 1800w,https:\/\/i1.wp.com\/henzihof.ch\/wp-content\/uploads\/2023\/07\/IMG_5402-scaled.jpg?strip=info&#038;w=2000&#038;ssl=1 2000w\" alt=\"\" data-height=\"1707\" data-id=\"2111\" data-link=\"https:\/\/henzihof.ch\/index.php\/mieten\/img_5402\/\" data-url=\"https:\/\/henzihof.ch\/wp-content\/uploads\/2023\/07\/IMG_5402-scaled.jpg\" data-width=\"2560\" src=\"https:\/\/i1.wp.com\/henzihof.ch\/wp-content\/uploads\/2023\/07\/IMG_5402-scaled.jpg?ssl=1\" data-amp-layout=\"responsive\"\/><\/figure><figure class=\"tiled-gallery__item\"><img decoding=\"async\" srcset=\"https:\/\/i1.wp.com\/henzihof.ch\/wp-content\/uploads\/2023\/07\/IMG_5407-scaled.jpg?strip=info&#038;w=600&#038;ssl=1 600w,https:\/\/i1.wp.com\/henzihof.ch\/wp-content\/uploads\/2023\/07\/IMG_5407-scaled.jpg?strip=info&#038;w=900&#038;ssl=1 900w,https:\/\/i1.wp.com\/henzihof.ch\/wp-content\/uploads\/2023\/07\/IMG_5407-scaled.jpg?strip=info&#038;w=1200&#038;ssl=1 1200w,https:\/\/i1.wp.com\/henzihof.ch\/wp-content\/uploads\/2023\/07\/IMG_5407-scaled.jpg?strip=info&#038;w=1500&#038;ssl=1 1500w,https:\/\/i1.wp.com\/henzihof.ch\/wp-content\/uploads\/2023\/07\/IMG_5407-scaled.jpg?strip=info&#038;w=1800&#038;ssl=1 1800w,https:\/\/i1.wp.com\/henzihof.ch\/wp-content\/uploads\/2023\/07\/IMG_5407-scaled.jpg?strip=info&#038;w=2000&#038;ssl=1 2000w\" alt=\"\" data-height=\"1707\" data-id=\"2112\" data-link=\"https:\/\/henzihof.ch\/index.php\/mieten\/img_5407\/\" data-url=\"https:\/\/henzihof.ch\/wp-content\/uploads\/2023\/07\/IMG_5407-scaled.jpg\" data-width=\"2560\" src=\"https:\/\/i1.wp.com\/henzihof.ch\/wp-content\/uploads\/2023\/07\/IMG_5407-scaled.jpg?ssl=1\" data-amp-layout=\"responsive\"\/><\/figure><\/div><\/div><\/div><\/div>\n<\/div><\/div>\n<\/div><\/div>\n<\/div><\/div>\n<\/div><\/div>\n\n\n\n<p><\/p>\n<\/div>\n<\/div>\n<\/div><\/div>\n\n\n\n<div class=\"wp-block-group alignfull\"><div class=\"wp-block-group__inner-container is-layout-flow wp-block-group-is-layout-flow\">\n<div class=\"wp-block-jetpack-layout-grid alignfull column1-desktop-grid__span-6 column1-desktop-grid__start-4 column1-desktop-grid__row-1 column1-tablet-grid__span-8 column1-tablet-grid__row-1 column1-mobile-grid__span-4 column1-mobile-grid__row-1\">\n<div class=\"wp-block-jetpack-layout-grid-column wp-block-jetpack-layout-grid__padding-none\">\n<h2 class=\"wp-block-heading has-text-align-center has-white-color has-text-color\">Aussenraum<\/h2>\n\n\n\n<p class=\"has-text-align-center has-white-color has-text-color\">Wird das Foyer oder die B\u00fchne West gemietet, besteht die M\u00f6glichkeit den Aussenraum dazu zu mieten. Der Aussenraum verf\u00fcgt \u00fcber ein Holzh\u00e4uschen, das als Bar oder Kiosk genutzt werden kann. <\/p>\n\n\n\n<div class=\"wp-block-group\"><div class=\"wp-block-group__inner-container is-layout-flow wp-block-group-is-layout-flow\">\n<div class=\"wp-block-group\"><div class=\"wp-block-group__inner-container is-layout-flow wp-block-group-is-layout-flow\">\n<div class=\"wp-block-group\"><div class=\"wp-block-group__inner-container is-layout-flow wp-block-group-is-layout-flow\">\n<div class=\"wp-block-group\"><div class=\"wp-block-group__inner-container is-layout-flow wp-block-group-is-layout-flow\">\n<div class=\"wp-block-jetpack-tiled-gallery aligncenter is-style-rectangular\"><div class=\"tiled-gallery__gallery\"><div class=\"tiled-gallery__row\"><div class=\"tiled-gallery__col\" style=\"flex-basis:66.79626%\"><figure class=\"tiled-gallery__item\"><img decoding=\"async\" srcset=\"https:\/\/i0.wp.com\/henzihof.ch\/wp-content\/uploads\/2023\/08\/IMG_5523-scaled.jpg?strip=info&#038;w=600&#038;ssl=1 600w,https:\/\/i0.wp.com\/henzihof.ch\/wp-content\/uploads\/2023\/08\/IMG_5523-scaled.jpg?strip=info&#038;w=900&#038;ssl=1 900w,https:\/\/i0.wp.com\/henzihof.ch\/wp-content\/uploads\/2023\/08\/IMG_5523-scaled.jpg?strip=info&#038;w=1200&#038;ssl=1 1200w,https:\/\/i0.wp.com\/henzihof.ch\/wp-content\/uploads\/2023\/08\/IMG_5523-scaled.jpg?strip=info&#038;w=1500&#038;ssl=1 1500w,https:\/\/i0.wp.com\/henzihof.ch\/wp-content\/uploads\/2023\/08\/IMG_5523-scaled.jpg?strip=info&#038;w=1800&#038;ssl=1 1800w,https:\/\/i0.wp.com\/henzihof.ch\/wp-content\/uploads\/2023\/08\/IMG_5523-scaled.jpg?strip=info&#038;w=2000&#038;ssl=1 2000w\" alt=\"\" data-height=\"1707\" data-id=\"2244\" data-link=\"https:\/\/henzihof.ch\/index.php\/mieten\/img_5523\/\" data-url=\"https:\/\/henzihof.ch\/wp-content\/uploads\/2023\/08\/IMG_5523-scaled.jpg\" data-width=\"2560\" src=\"https:\/\/i0.wp.com\/henzihof.ch\/wp-content\/uploads\/2023\/08\/IMG_5523-scaled.jpg?ssl=1\" data-amp-layout=\"responsive\"\/><\/figure><\/div><div class=\"tiled-gallery__col\" style=\"flex-basis:33.20374%\"><figure class=\"tiled-gallery__item\"><img decoding=\"async\" srcset=\"https:\/\/i0.wp.com\/henzihof.ch\/wp-content\/uploads\/2023\/08\/IMG_5562-scaled.jpg?strip=info&#038;w=600&#038;ssl=1 600w,https:\/\/i0.wp.com\/henzihof.ch\/wp-content\/uploads\/2023\/08\/IMG_5562-scaled.jpg?strip=info&#038;w=900&#038;ssl=1 900w,https:\/\/i0.wp.com\/henzihof.ch\/wp-content\/uploads\/2023\/08\/IMG_5562-scaled.jpg?strip=info&#038;w=1200&#038;ssl=1 1200w,https:\/\/i0.wp.com\/henzihof.ch\/wp-content\/uploads\/2023\/08\/IMG_5562-scaled.jpg?strip=info&#038;w=1500&#038;ssl=1 1500w,https:\/\/i0.wp.com\/henzihof.ch\/wp-content\/uploads\/2023\/08\/IMG_5562-scaled.jpg?strip=info&#038;w=1800&#038;ssl=1 1800w,https:\/\/i0.wp.com\/henzihof.ch\/wp-content\/uploads\/2023\/08\/IMG_5562-scaled.jpg?strip=info&#038;w=2000&#038;ssl=1 2000w\" alt=\"\" data-height=\"1707\" data-id=\"2242\" data-link=\"https:\/\/henzihof.ch\/index.php\/mieten\/img_5562\/\" data-url=\"https:\/\/henzihof.ch\/wp-content\/uploads\/2023\/08\/IMG_5562-scaled.jpg\" data-width=\"2560\" src=\"https:\/\/i0.wp.com\/henzihof.ch\/wp-content\/uploads\/2023\/08\/IMG_5562-scaled.jpg?ssl=1\" data-amp-layout=\"responsive\"\/><\/figure><figure class=\"tiled-gallery__item\"><img decoding=\"async\" srcset=\"https:\/\/i0.wp.com\/henzihof.ch\/wp-content\/uploads\/2023\/08\/IMG_5555-1-scaled.jpg?strip=info&#038;w=600&#038;ssl=1 600w,https:\/\/i0.wp.com\/henzihof.ch\/wp-content\/uploads\/2023\/08\/IMG_5555-1-scaled.jpg?strip=info&#038;w=900&#038;ssl=1 900w,https:\/\/i0.wp.com\/henzihof.ch\/wp-content\/uploads\/2023\/08\/IMG_5555-1-scaled.jpg?strip=info&#038;w=1200&#038;ssl=1 1200w,https:\/\/i0.wp.com\/henzihof.ch\/wp-content\/uploads\/2023\/08\/IMG_5555-1-scaled.jpg?strip=info&#038;w=1500&#038;ssl=1 1500w,https:\/\/i0.wp.com\/henzihof.ch\/wp-content\/uploads\/2023\/08\/IMG_5555-1-scaled.jpg?strip=info&#038;w=1800&#038;ssl=1 1800w,https:\/\/i0.wp.com\/henzihof.ch\/wp-content\/uploads\/2023\/08\/IMG_5555-1-scaled.jpg?strip=info&#038;w=2000&#038;ssl=1 2000w\" alt=\"\" data-height=\"1707\" data-id=\"2245\" data-link=\"https:\/\/henzihof.ch\/index.php\/mieten\/img_5555-1\/\" data-url=\"https:\/\/henzihof.ch\/wp-content\/uploads\/2023\/08\/IMG_5555-1-scaled.jpg\" data-width=\"2560\" src=\"https:\/\/i0.wp.com\/henzihof.ch\/wp-content\/uploads\/2023\/08\/IMG_5555-1-scaled.jpg?ssl=1\" data-amp-layout=\"responsive\"\/><\/figure><\/div><\/div><\/div><\/div>\n<\/div><\/div>\n<\/div><\/div>\n<\/div><\/div>\n<\/div><\/div>\n\n\n\n<p><\/p>\n<\/div>\n<\/div>\n<\/div><\/div>\n<\/div><\/div>\n<\/div><\/div>\n<\/div><\/div>\n<\/div><\/div>\n\n\n\n<div class=\"wp-block-group alignfull\"><div class=\"wp-block-group__inner-container is-layout-flow wp-block-group-is-layout-flow\">\n<div class=\"wp-block-group alignfull\"><div class=\"wp-block-group__inner-container is-layout-flow wp-block-group-is-layout-flow\"><\/div><\/div>\n\n\n\n<p><\/p>\n<\/div><\/div>\n<\/div><\/div>\n\n\n\n<div class=\"wp-block-group alignfull fullwidth has-black-color has-text-color has-background\" style=\"background-color:#e6007e\"><div class=\"wp-block-group__inner-container is-layout-flow wp-block-group-is-layout-flow\">\n<div style=\"height:23px\" aria-hidden=\"true\" class=\"wp-block-spacer\"><\/div>\n\n\n\n<p class=\"has-text-align-center has-white-color has-text-color has-link-color wp-elements-7b310bc00043f96e9e244ff709880014\"><a href=\"https:\/\/henzihof.ch\/index.php\/nutzungen\/\" data-type=\"page\" data-id=\"134\">DAUERNUTZUNGEN<\/a> | <a href=\"https:\/\/henzihof.ch\/index.php\/nutzungen\/vergangene-projekte\/\" data-type=\"page\" data-id=\"153\">VERGANGENE AKTIVIT\u00c4TEN<\/a><\/p>\n\n\n\n<h2 class=\"wp-block-heading has-text-align-center has-white-color has-text-color\">Mitmachen?<\/h2>\n\n\n\n<p class=\"has-text-align-center has-white-color has-text-color has-link-color wp-elements-87292878a6a6a4e0540162453281d90f\">Wir freuen uns, wenn Sie sich mit nachstehendem&nbsp;<a href=\"https:\/\/henzihof.ch\/index.php\/kontakt\/\" data-type=\"URL\">Kontaktformular<\/a>&nbsp;bei der Quartierarbeit Solothurn West melden.<\/p>\n\n\n\n<div style=\"height:23px\" aria-hidden=\"true\" class=\"wp-block-spacer\"><\/div>\n\n\n\n<p><\/p>\n<\/div><\/div>\n\n\n\n<p><\/p>\n","protected":false},"excerpt":{"rendered":"<p>Wichtige Infos Die mietbaren R\u00e4umlichkeiten befinden sich in der Scheune des ehemaligen Bauernhofs. Die R\u00e4umlichkeiten sind nicht isoliert und d\u00fcrfen nicht beheizt werden. Strom, Wasser und ein eingebauter WC-Container mit einer Toilette sind vorhanden. Infrastruktur: Zus\u00e4tzlich zur Raummiete k\u00f6nnen Flipchart, Moderationskoffer und Geschirr kostenpflichtig dazu gemietet werden. St\u00fchle und Tischbankgarnituren stellen wir gerne kostenlos zur &hellip; <a href=\"https:\/\/henzihof.ch\/index.php\/mieten\/\" class=\"more-link\">Continue reading <span class=\"screen-reader-text\">R\u00c4UMLICHKEITEN MIETEN<\/span><\/a><\/p>\n","protected":false},"author":1,"featured_media":0,"parent":0,"menu_order":0,"comment_status":"closed","ping_status":"closed","template":"","meta":{"footnotes":""},"jetpack_sharing_enabled":true,"featured_image_src":null,"featured_image_src_square":null,"_links":{"self":[{"href":"https:\/\/henzihof.ch\/index.php\/wp-json\/wp\/v2\/pages\/2092"}],"collection":[{"href":"https:\/\/henzihof.ch\/index.php\/wp-json\/wp\/v2\/pages"}],"about":[{"href":"https:\/\/henzihof.ch\/index.php\/wp-json\/wp\/v2\/types\/page"}],"author":[{"embeddable":true,"href":"https:\/\/henzihof.ch\/index.php\/wp-json\/wp\/v2\/users\/1"}],"replies":[{"embeddable":true,"href":"https:\/\/henzihof.ch\/index.php\/wp-json\/wp\/v2\/comments?post=2092"}],"version-history":[{"count":12,"href":"https:\/\/henzihof.ch\/index.php\/wp-json\/wp\/v2\/pages\/2092\/revisions"}],"predecessor-version":[{"id":2729,"href":"https:\/\/henzihof.ch\/index.php\/wp-json\/wp\/v2\/pages\/2092\/revisions\/2729"}],"wp:attachment":[{"href":"https:\/\/henzihof.ch\/index.php\/wp-json\/wp\/v2\/media?parent=2092"}],"curies":[{"name":"wp","href":"https:\/\/api.w.org\/{rel}","templated":true}]}}